{"id":10,"date":"2014-08-25T12:37:34","date_gmt":"2014-08-25T12:37:34","guid":{"rendered":"http:\/\/plethorathemes.com\/dev\/cleanstart\/?page_id=10"},"modified":"2022-03-22T21:07:07","modified_gmt":"2022-03-22T21:07:07","slug":"home","status":"publish","type":"page","link":"https:\/\/www.selasmakina.com.tr\/","title":{"rendered":"HOME"},"content":{"rendered":"<section id=\"\"  class=\"light\"> <div class=\"container\">  <div class=\"row\"><div class=\"col-md-4  text-default\" style=\"border-right:1px solid #cccccc;\"><div class='feature_teaser'>\n<a href=\"http:\/\/www.selasmakina.com.tr\/?page_id=15\" target=\"\" title=\"Makina Parkurumuz\">  <img alt='' src='https:\/\/www.selasmakina.com.tr\/wp-content\/uploads\/2019\/06\/makina_parkur0.png'>\n<\/a>  <h3>Makina Parkurumuz \/ Our Machine Track<\/h3>\n<p>\u0130stenilen \u00f6l\u00e7\u00fc toleranslar\u0131nda ve h\u0131zl\u0131 \u00fcretim yapt\u0131\u011f\u0131m\u0131z makine parkurumuzun listesine buradan ula\u015fabilirsiniz. \/ Here you can find the list of our machine track that we have mass production for requested dimensional tolerance.<\/p>\n\n<\/div><\/div><div class=\"col-md-4  text-default\" style=\"border-right:1px solid #cccccc;\"><div class='feature_teaser'>\n<a href=\"http:\/\/www.selasmakina.com.tr\/?page_id=1904\" target=\"\" title=\"Yapt\u0131klar\u0131m\u0131z\">  <img alt='' src='https:\/\/www.selasmakina.com.tr\/wp-content\/uploads\/2019\/06\/131.png'>\n<\/a>  <h3>Yapt\u0131klar\u0131m\u0131z...\/ Our Works<\/h3>\n<p>Terminlerinize uygun olarak yapt\u0131\u011f\u0131m\u0131z baz\u0131 \u00e7al\u0131\u015fmalara buradan ula\u015fabilirsiniz. \/ Here you can find some of our Works that we can do according to your deadlines.<\/p>\n\n<\/div><\/div><div class=\"col-md-4  text-default\" ><div class='feature_teaser'>\n  <img alt='' src='https:\/\/www.selasmakina.com.tr\/wp-content\/uploads\/2014\/08\/rocket_trans-v2.png'>\n  <h3>Visual Composer Integration<\/h3>\n<p><span style=\"color: #666666;\">Cleanstart\u00a0lets you build your pages and posts with a Visual Builder\u00a0and a great collection of Custom Shortcodes that offer flexibility and pixel-perfect design.<\/span><\/p>\n\n<\/div><\/div>  <\/div>  <\/div><\/section><section id=\"\"  class=\"dark_section\"> <div class=\"container\">  <div class=\"row\"><div class=\"col-md-12  text-default\" ><div class=\"call_to_action\"><h3>\u00c7\u00f6z\u00fcm orta\u011f\u0131n\u0131z olabiliriz. <strong><span class=\"rotate\">We can be, your solution, partner<\/span><\/strong><\/h3><h4><\/h4><a class=\"btn btn-primary\" href=\"http:\/\/www.selasmakina.com.tr\/?page_id=23\" title=\"\u0130leti\u015fim\">\u0130leti\u015fim<\/a><\/div><\/div>  <\/div>  <\/div><\/section><section id=\"\"  class=\"light\">  <div class=\"container triangles-of-section\">    <div class=\"triangle-up-left\"><\/div>    <div class=\"square-left\"><\/div>    <div class=\"triangle-up-right\"><\/div>    <div class=\"square-right\"><\/div>  <\/div> <div class=\"container\">  <div class=\"row\"><h2 class=\"section_header fancy centered\">\u00c7ALI\u015eMALARIMIZDAN G\u00d6RSELLER<small>we take pride in our work<\/small><\/h2><div class=\"col-md-12  text-default\" ><!-- GALLERY SHORTCODE --><div class=\"portfolio_strict\">\n                    <div class=\"row isotope_portfolio_container\" id=\"cont_3025\">\n<div class=\"col-xs-12 col-sm-6 col-md-4 col-lg-4\">\n     <div class=\"portfolio_item\">\n       <a href=\"https:\/\/www.selasmakina.com.tr\/wp-content\/uploads\/2013\/04\/135.jpg\" class=\"lightbox_gallery\" data-caption=\"\" data-description=\"\" data-imagelightbox=\"gallery\">\n          <figure style=\"background-image:url(https:\/\/www.selasmakina.com.tr\/wp-content\/uploads\/2013\/04\/135-1024x682.jpg)\">\n               <figcaption>\n                 <div class=\"portfolio_description\">\n                    <h3>135<\/h3>\n                    <span class=\"cross\"><\/span>\n                    <p><\/p>\n                 <\/div>\n               <\/figcaption>\n          <\/figure>\n       <\/a>\n      <\/div>\n<\/div>\n<div class=\"col-xs-12 col-sm-6 col-md-4 col-lg-4\">\n     <div class=\"portfolio_item\">\n       <a href=\"https:\/\/www.selasmakina.com.tr\/wp-content\/uploads\/2013\/04\/128.jpg\" class=\"lightbox_gallery\" data-caption=\"\" data-description=\"\" data-imagelightbox=\"gallery\">\n          <figure style=\"background-image:url(https:\/\/www.selasmakina.com.tr\/wp-content\/uploads\/2013\/04\/128-1024x682.jpg)\">\n               <figcaption>\n                 <div class=\"portfolio_description\">\n                    <h3>128<\/h3>\n                    <span class=\"cross\"><\/span>\n                    <p><\/p>\n                 <\/div>\n               <\/figcaption>\n          <\/figure>\n       <\/a>\n      <\/div>\n<\/div>\n<div class=\"col-xs-12 col-sm-6 col-md-4 col-lg-4\">\n     <div class=\"portfolio_item\">\n       <a href=\"https:\/\/www.selasmakina.com.tr\/wp-content\/uploads\/2013\/04\/1071.jpg\" class=\"lightbox_gallery\" data-caption=\"\" data-description=\"\" data-imagelightbox=\"gallery\">\n          <figure style=\"background-image:url(https:\/\/www.selasmakina.com.tr\/wp-content\/uploads\/2013\/04\/1071-1024x682.jpg)\">\n               <figcaption>\n                 <div class=\"portfolio_description\">\n                    <h3>107<\/h3>\n                    <span class=\"cross\"><\/span>\n                    <p><\/p>\n                 <\/div>\n               <\/figcaption>\n          <\/figure>\n       <\/a>\n      <\/div>\n<\/div>\n                    <\/div>\n<\/div>\n<!-- \/GALLERY SHORTCODE --><script>jQuery(window).load(function() {\n\"use strict\"; \n  var container = jQuery('#cont_3025'); \n  container.isotope({ \n  }); }); \n\/\/used for window resize\njQuery(window).resize(function() {\n\"use strict\";\nvar container = jQuery('#cont_3025');\ncontainer.isotope({ });\n});\n<\/script><div class=\"centered_button\"><a class=\"btn btn-primary\" target=\"_blank\" title=\"\u00c7al\u0131\u015fma \u00d6rnekleri\" href=\"http:\/\/www.selasmakina.com.tr\/?page_id=1904\">\u00c7al\u0131\u015fma \u00d6rnekleri<\/a><\/div><\/div>  <\/div>  <\/div><\/section><section id=\"\"  class=\"light\"> <div class=\"container\">  <div class=\"row\"><h2 class=\"section_header fancy centered\">\u00c7al\u0131\u015fmam\u0131zdan bir kesit<\/h2><div class=\"col-md-12  text-default\" >[vc_video link=&#8221;https:\/\/www.youtube.com\/watch?v=-iCjsDREuvo&#8221; align=&#8221;center&#8221;]<\/div>  <\/div>  <\/div><\/section>\n","protected":false},"excerpt":{"rendered":"Makina Parkurumuz \/ Our Machine Track \u0130stenilen \u00f6l\u00e7\u00fc toleranslar\u0131nda ve h\u0131zl\u0131 \u00fcretim yapt\u0131\u011f\u0131m\u0131z makine parkurumuzun listesine buradan ula\u015fabilirsiniz. \/ Here you can find the list of our machine track that we have mass production for requested dimensional tolerance. Yapt\u0131klar\u0131m\u0131z...\/ Our Works Terminlerinize uygun olarak yapt\u0131\u011f\u0131m\u0131z baz\u0131 \u00e7al\u0131\u015fmalara buradan ula\u015fabilirsiniz. \/ Here you can find some [...]","protected":false},"author":1,"featured_media":0,"parent":0,"menu_order":1,"comment_status":"closed","ping_status":"closed","template":"","meta":{"footnotes":""},"class_list":["post-10","page","type-page","status-publish","hentry"],"_links":{"self":[{"href":"https:\/\/www.selasmakina.com.tr\/index.php?rest_route=\/wp\/v2\/pages\/10","targetHints":{"allow":["GET"]}}],"collection":[{"href":"https:\/\/www.selasmakina.com.tr\/index.php?rest_route=\/wp\/v2\/pages"}],"about":[{"href":"https:\/\/www.selasmakina.com.tr\/index.php?rest_route=\/wp\/v2\/types\/page"}],"author":[{"embeddable":true,"href":"https:\/\/www.selasmakina.com.tr\/index.php?rest_route=\/wp\/v2\/users\/1"}],"replies":[{"embeddable":true,"href":"https:\/\/www.selasmakina.com.tr\/index.php?rest_route=%2Fwp%2Fv2%2Fcomments&post=10"}],"version-history":[{"count":31,"href":"https:\/\/www.selasmakina.com.tr\/index.php?rest_route=\/wp\/v2\/pages\/10\/revisions"}],"predecessor-version":[{"id":2069,"href":"https:\/\/www.selasmakina.com.tr\/index.php?rest_route=\/wp\/v2\/pages\/10\/revisions\/2069"}],"wp:attachment":[{"href":"https:\/\/www.selasmakina.com.tr\/index.php?rest_route=%2Fwp%2Fv2%2Fmedia&parent=10"}],"curies":[{"name":"wp","href":"https:\/\/api.w.org\/{rel}","templated":true}]}}