{"id":12,"date":"2014-08-25T12:39:08","date_gmt":"2014-08-25T12:39:08","guid":{"rendered":"http:\/\/plethorathemes.com\/dev\/cleanstart\/?page_id=12"},"modified":"2019-06-22T22:56:09","modified_gmt":"2019-06-22T22:56:09","slug":"about-us-2","status":"publish","type":"page","link":"https:\/\/www.selasmakina.com.tr\/?page_id=12","title":{"rendered":"ABOUT US"},"content":{"rendered":"<section id=\"\"  class=\"light\"> <div class=\"container\">  <div class=\"row\"><div class=\"col-md-12  text-default\" ><div class=\"row horizontal_teaser\"><div class=\"col-sm-12 col-md-4 horizontal_teaser_text_left\"><h3>\u0130\u015fimizi seviyoruz!<\/h3><p>Selas Makina 1996 y\u0131l\u0131nda Sn. Necmi S\u00fcleyman AYDO\u011eAN ve Sn. H\u00fcseyin Rag\u0131p \u00c7O\u015eAN taraf\u0131ndan tala\u015fl\u0131 imalat sekt\u00f6r\u00fcne hizmet vermek amac\u0131 ile kurulmu\u015ftur. 1 Ocak 2004 tarihinden itibaren Sn. C\u00fcneyt AYDO\u011eAN\u2019\u0131n y\u00f6neticili\u011fine ge\u00e7mi\u015f \u00e7e\u015fitli sekt\u00f6rlerdeki ba\u015far\u0131l\u0131 \u00e7al\u0131\u015fmalar\u0131n\u0131 s\u00fcrd\u00fcrm\u00fc\u015ft\u00fcr.<\/p>\n<p>Makina parkuruna teknolojideki t\u00fcm yenilikleri yans\u0131tmaya \u00e7al\u0131\u015fan Selas Makina metal i\u015fleme teknolojisinde partnerlerini ge\u00e7mi\u015fte oldu\u011fu gibi g\u00fcn\u00fcm\u00fczde de memnun etmeye devam etmektedir.<\/p>\n<p>G\u00fcn\u00fcm\u00fcze gelindi\u011finde, i\u015f\u00e7ilik hizmetinin d\u0131\u015f\u0131nda ba\u015fta kal\u0131p aksesuarlar\u0131, hidrolik ekipmanlar\u0131 ve makine yedek par\u00e7alar\u0131 konusunda imalatlar\u0131n\u0131 titiz ve disiplinli bir \u00e7al\u0131\u015fmayla s\u00fcrd\u00fcrmektedir.<\/p>\n<\/div><div class=\"col-sm-12 col-md-8 horizontal_teaser_media_right\"><figure style=\"background-image:url(https:\/\/www.selasmakina.com.tr\/wp-content\/uploads\/2019\/06\/Kapak.jpg)\"> <\/figure><\/div><\/div><\/div>  <\/div>  <\/div><\/section>\n","protected":false},"excerpt":{"rendered":"\u0130\u015fimizi seviyoruz!Selas Makina 1996 y\u0131l\u0131nda Sn. Necmi S\u00fcleyman AYDO\u011eAN ve Sn. H\u00fcseyin Rag\u0131p \u00c7O\u015eAN taraf\u0131ndan tala\u015fl\u0131 imalat sekt\u00f6r\u00fcne hizmet vermek amac\u0131 ile kurulmu\u015ftur. 1 Ocak 2004 tarihinden itibaren Sn. C\u00fcneyt AYDO\u011eAN\u2019\u0131n y\u00f6neticili\u011fine ge\u00e7mi\u015f \u00e7e\u015fitli sekt\u00f6rlerdeki ba\u015far\u0131l\u0131 \u00e7al\u0131\u015fmalar\u0131n\u0131 s\u00fcrd\u00fcrm\u00fc\u015ft\u00fcr. Makina parkuruna teknolojideki t\u00fcm yenilikleri yans\u0131tmaya \u00e7al\u0131\u015fan Selas Makina metal i\u015fleme teknolojisinde partnerlerini ge\u00e7mi\u015fte oldu\u011fu gibi g\u00fcn\u00fcm\u00fczde [...]","protected":false},"author":1,"featured_media":1991,"parent":0,"menu_order":2,"comment_status":"closed","ping_status":"closed","template":"","meta":[],"_links":{"self":[{"href":"https:\/\/www.selasmakina.com.tr\/index.php?rest_route=\/wp\/v2\/pages\/12"}],"collection":[{"href":"https:\/\/www.selasmakina.com.tr\/index.php?rest_route=\/wp\/v2\/pages"}],"about":[{"href":"https:\/\/www.selasmakina.com.tr\/index.php?rest_route=\/wp\/v2\/types\/page"}],"author":[{"embeddable":true,"href":"https:\/\/www.selasmakina.com.tr\/index.php?rest_route=\/wp\/v2\/users\/1"}],"replies":[{"embeddable":true,"href":"https:\/\/www.selasmakina.com.tr\/index.php?rest_route=%2Fwp%2Fv2%2Fcomments&post=12"}],"version-history":[{"count":4,"href":"https:\/\/www.selasmakina.com.tr\/index.php?rest_route=\/wp\/v2\/pages\/12\/revisions"}],"predecessor-version":[{"id":2003,"href":"https:\/\/www.selasmakina.com.tr\/index.php?rest_route=\/wp\/v2\/pages\/12\/revisions\/2003"}],"wp:featuredmedia":[{"embeddable":true,"href":"https:\/\/www.selasmakina.com.tr\/index.php?rest_route=\/wp\/v2\/media\/1991"}],"wp:attachment":[{"href":"https:\/\/www.selasmakina.com.tr\/index.php?rest_route=%2Fwp%2Fv2%2Fmedia&parent=12"}],"curies":[{"name":"wp","href":"https:\/\/api.w.org\/{rel}","templated":true}]}}