{"id":15,"date":"2013-04-26T02:54:09","date_gmt":"2013-04-25T23:54:09","guid":{"rendered":"http:\/\/localhost\/wordpress\/?page_id=15"},"modified":"2019-06-25T21:17:13","modified_gmt":"2019-06-25T21:17:13","slug":"makina-parkuru","status":"publish","type":"page","link":"https:\/\/www.selasmakina.com.tr\/?page_id=15","title":{"rendered":"Makina Parkuru"},"content":{"rendered":"<div class=\"table-responsive\"><table  style=\"width:100%; \"  class=\"easy-table easy-table-default \" border=\"0\">\n<thead>\r\n<tr><th  style=\"width:70px;text-align:left\" >Marka<\/th>\n<th  style=\"width:10px;text-align:left\" >Y\u0131l\u0131<\/th>\n<th  style=\"width:100px;text-align:left\" >Model<\/th>\n<th  style=\"width:110px;text-align:left\" >Cal\u0131\u015fma Aral\u0131\u011f\u0131<\/th>\n<th  style=\"width:50px;text-align:left\" >Ebad\u0131<\/th>\n<\/tr>\n<\/thead>\n<tbody>\r\n<tr><td  style=\"text-align:left\" >Hwacheon<\/td>\n<td  style=\"text-align:left\" >2013<\/td>\n<td  style=\"text-align:left\" >HI-TECH 200AMC<\/td>\n<td  style=\"text-align:left\" >\u00f8200&#215;450<\/td>\n<td  style=\"text-align:left\" >8 inc<\/td>\n<\/tr>\n\r\n<tr><td  style=\"text-align:left\" >Hwacheon<\/td>\n<td  style=\"text-align:left\" >2013<\/td>\n<td  style=\"text-align:left\" >MC200A<\/td>\n<td  style=\"text-align:left\" >\u00f8250&#215;430<\/td>\n<td  style=\"text-align:left\" >8 inc<\/td>\n<\/tr>\n\r\n<tr><td  style=\"text-align:left\" >KIA<\/td>\n<td  style=\"text-align:left\" >2009<\/td>\n<td  style=\"text-align:left\" >SKT21L<\/td>\n<td  style=\"text-align:left\" >\u00f8300&#215;500<\/td>\n<td  style=\"text-align:left\" >10 inc<\/td>\n<\/tr>\n\r\n<tr><td  style=\"text-align:left\" >Topper<\/td>\n<td  style=\"text-align:left\" >2006<\/td>\n<td  style=\"text-align:left\" >TNL-100TL<\/td>\n<td  style=\"text-align:left\" >\u00f8250&#215;500<\/td>\n<td  style=\"text-align:left\" >8 inc<\/td>\n<\/tr>\n\r\n<tr><td  style=\"text-align:left\" >Feeler<\/td>\n<td  style=\"text-align:left\" >2011<\/td>\n<td  style=\"text-align:left\" >FTC-450<\/td>\n<td  style=\"text-align:left\" >\u00f8350&#215;700<\/td>\n<td  style=\"text-align:left\" >10 inc<\/td>\n<\/tr>\n\r\n<tr><td  style=\"text-align:left\" >Doosan<\/td>\n<td  style=\"text-align:left\" >2012<\/td>\n<td  style=\"text-align:left\" >PUMA 2100m<\/td>\n<td  style=\"text-align:left\" >\u00f8300&#215;600<\/td>\n<td  style=\"text-align:left\" >8 icn<\/td>\n<\/tr>\n\r\n<tr><td  style=\"text-align:left\" >Goodway<\/td>\n<td  style=\"text-align:left\" >2007<\/td>\n<td  style=\"text-align:left\" >GLS-150<\/td>\n<td  style=\"text-align:left\" >\u00f8150&#215;350<\/td>\n<td  style=\"text-align:left\" >6 icn<\/td>\n<\/tr>\n\r\n<tr><td  style=\"text-align:left\" >Okuma<\/td>\n<td  style=\"text-align:left\" >2000<\/td>\n<td  style=\"text-align:left\" >MX45-VBE<\/td>\n<td  style=\"text-align:left\" >x720-z450-y400<\/td>\n<td  style=\"text-align:left\" >-<\/td>\n<\/tr>\n\r\n<tr><td  style=\"text-align:left\" >Okuma<\/td>\n<td  style=\"text-align:left\" >2001<\/td>\n<td  style=\"text-align:left\" >MX45-VAE<\/td>\n<td  style=\"text-align:left\" >x450-z430-y750<\/td>\n<td  style=\"text-align:left\" >-<\/td>\n<\/tr>\n\r\n<tr><td  style=\"text-align:left\" >Okuma<\/td>\n<td  style=\"text-align:left\" >2000<\/td>\n<td  style=\"text-align:left\" >MX45-VBE<\/td>\n<td  style=\"text-align:left\" >x450-z430-y750<\/td>\n<td  style=\"text-align:left\" >-<\/td>\n<\/tr>\n\r\n<tr><td  style=\"text-align:left\" >Kesmak<\/td>\n<td  style=\"text-align:left\" >2009<\/td>\n<td  style=\"text-align:left\" >\u015eerit Testere<\/td>\n<td  style=\"text-align:left\" >\u00f8280<\/td>\n<td  style=\"text-align:left\" >-<\/td>\n<\/tr>\n\r\n<tr><td  style=\"text-align:left\" >Ek\u00e7elik<\/td>\n<td  style=\"text-align:left\" >2009<\/td>\n<td  style=\"text-align:left\" >K\u0131lavuz \u00c7ekme<\/td>\n<td  style=\"text-align:left\" >\u00f83 &#8211; \u00f816<\/td>\n<td  style=\"text-align:left\" >-<\/td>\n<\/tr>\n\r\n<tr><td  style=\"text-align:left\" >Taiwan<\/td>\n<td  style=\"text-align:left\" >2010<\/td>\n<td  style=\"text-align:left\" >Bileme Makinas\u0131<\/td>\n<td  style=\"text-align:left\" >\u00f82 &#8211; \u00f813<\/td>\n<td  style=\"text-align:left\" >-<\/td>\n<\/tr>\n\r\n<tr><td  style=\"text-align:left\" >Taiwan<\/td>\n<td  style=\"text-align:left\" >2010<\/td>\n<td  style=\"text-align:left\" >Bileme Makinas\u0131<\/td>\n<td  style=\"text-align:left\" >\u00f812 &#8211; \u00f832<\/td>\n<td  style=\"text-align:left\" >-<\/td>\n<\/tr>\n<\/tbody><\/table><\/div>\n<p>.<\/p>\n","protected":false},"excerpt":{"rendered":"<p>.<\/p>\n","protected":false},"author":1,"featured_media":0,"parent":0,"menu_order":4,"comment_status":"closed","ping_status":"open","template":"","meta":[],"_links":{"self":[{"href":"https:\/\/www.selasmakina.com.tr\/index.php?rest_route=\/wp\/v2\/pages\/15"}],"collection":[{"href":"https:\/\/www.selasmakina.com.tr\/index.php?rest_route=\/wp\/v2\/pages"}],"about":[{"href":"https:\/\/www.selasmakina.com.tr\/index.php?rest_route=\/wp\/v2\/types\/page"}],"author":[{"embeddable":true,"href":"https:\/\/www.selasmakina.com.tr\/index.php?rest_route=\/wp\/v2\/users\/1"}],"replies":[{"embeddable":true,"href":"https:\/\/www.selasmakina.com.tr\/index.php?rest_route=%2Fwp%2Fv2%2Fcomments&post=15"}],"version-history":[{"count":33,"href":"https:\/\/www.selasmakina.com.tr\/index.php?rest_route=\/wp\/v2\/pages\/15\/revisions"}],"predecessor-version":[{"id":2022,"href":"https:\/\/www.selasmakina.com.tr\/index.php?rest_route=\/wp\/v2\/pages\/15\/revisions\/2022"}],"wp:attachment":[{"href":"https:\/\/www.selasmakina.com.tr\/index.php?rest_route=%2Fwp%2Fv2%2Fmedia&parent=15"}],"curies":[{"name":"wp","href":"https:\/\/api.w.org\/{rel}","templated":true}]}}