{"id":1904,"date":"2014-08-26T11:17:20","date_gmt":"2014-08-26T11:17:20","guid":{"rendered":"http:\/\/plethorathemes.com\/dev\/cleanstart\/?page_id=194"},"modified":"2022-03-08T21:37:19","modified_gmt":"2022-03-08T21:37:19","slug":"photo-gallery","status":"publish","type":"page","link":"https:\/\/www.selasmakina.com.tr\/?page_id=1904","title":{"rendered":"Yapt\u0131klar\u0131m\u0131z"},"content":{"rendered":"<section id=\"\"  class=\"light\"> <div class=\"container\">  <div class=\"row\"><h2 class=\"section_header fancy centered\">Yapt\u0131\u011f\u0131m\u0131z baz\u0131 i\u015flerden g\u00f6r\u00fcnt\u00fcler<small>Images from some of our work<\/small><\/h2><div class=\"col-md-12  text-default\" >[vc_images_carousel images=&#8221;226,227,228,229,230,231,232,233,234,235,236,237,238,239,240,241,242,243,244,246,309,310,311,312,313,314,315,316,317,318,319,320,321,322,323,324,325,374,375,376,377,378,386,385,384,383,382,381,380,379,387,388&#8243; img_size=&#8221;full&#8221; autoplay=&#8221;yes&#8221; wrap=&#8221;yes&#8221;]<\/div>  <\/div>  <\/div><\/section>\n","protected":false},"excerpt":{"rendered":"Yapt\u0131\u011f\u0131m\u0131z baz\u0131 i\u015flerden g\u00f6r\u00fcnt\u00fclerImages from some of our work[vc_images_carousel images=\"226,227,228,229,230,231,232,233,234,235,236,237,238,239,240,241,242,243,244,246,309,310,311,312,313,314,315,316,317,318,319,320,321,322,323,324,325,374,375,376,377,378,386,385,384,383,382,381,380,379,387,388\" img_size=\"full\" autoplay=\"yes\" wrap=\"yes\"]","protected":false},"author":1,"featured_media":0,"parent":0,"menu_order":3,"comment_status":"closed","ping_status":"closed","template":"","meta":[],"_links":{"self":[{"href":"https:\/\/www.selasmakina.com.tr\/index.php?rest_route=\/wp\/v2\/pages\/1904"}],"collection":[{"href":"https:\/\/www.selasmakina.com.tr\/index.php?rest_route=\/wp\/v2\/pages"}],"about":[{"href":"https:\/\/www.selasmakina.com.tr\/index.php?rest_route=\/wp\/v2\/types\/page"}],"author":[{"embeddable":true,"href":"https:\/\/www.selasmakina.com.tr\/index.php?rest_route=\/wp\/v2\/users\/1"}],"replies":[{"embeddable":true,"href":"https:\/\/www.selasmakina.com.tr\/index.php?rest_route=%2Fwp%2Fv2%2Fcomments&post=1904"}],"version-history":[{"count":22,"href":"https:\/\/www.selasmakina.com.tr\/index.php?rest_route=\/wp\/v2\/pages\/1904\/revisions"}],"predecessor-version":[{"id":2064,"href":"https:\/\/www.selasmakina.com.tr\/index.php?rest_route=\/wp\/v2\/pages\/1904\/revisions\/2064"}],"wp:attachment":[{"href":"https:\/\/www.selasmakina.com.tr\/index.php?rest_route=%2Fwp%2Fv2%2Fmedia&parent=1904"}],"curies":[{"name":"wp","href":"https:\/\/api.w.org\/{rel}","templated":true}]}}