{"id":23,"date":"2014-08-25T12:40:33","date_gmt":"2014-08-25T12:40:33","guid":{"rendered":"http:\/\/plethorathemes.com\/dev\/cleanstart\/?page_id=23"},"modified":"2022-03-24T19:53:11","modified_gmt":"2022-03-24T19:53:11","slug":"contact","status":"publish","type":"page","link":"https:\/\/www.selasmakina.com.tr\/?page_id=23","title":{"rendered":"\u0130leti\u015fim"},"content":{"rendered":"<section id=\"\"  class=\"light\"> <div class=\"container\">  <div class=\"row\"><div class=\"col-md-4  text-default\" ><div class=\"team_member office_address\"><img src=\"https:\/\/www.selasmakina.com.tr\/wp-content\/uploads\/2019\/06\/selas.png\"  alt=\"SELAS MAK\u0130NA\"><h5>SELAS MAK\u0130NA<\/h5><small>Metal Torna Sanayii<\/small><br><br><address>\u0130kitelli Organize Sanayii B\u00f6lgesi<br \/>\nTormak San. Sit. R Blok No: 15<br \/>\n\u0130kitelli \u2013 Ba\u015fak\u015fehir \u2013 \u0130stanbul \/ T\u00dcRK\u0130YE<\/address>\n<p><abbr title=\"Phone\">P:<\/abbr> +90 212 613 24 74<br \/>\nF: +90 212 493 11 78<br \/>\n<abbr title=\"Email\">E:<\/abbr> <a href=\"mailto:#\">info@selasmakina.com.tr<\/a><\/p>\n<\/div><\/div><div class=\"col-md-8  text-default\" >[vc_column_text]<div role=\"form\" class=\"wpcf7\" id=\"wpcf7-f145-o1\" lang=\"en-US\" dir=\"ltr\">\n<div class=\"screen-reader-response\"><p role=\"status\" aria-live=\"polite\" aria-atomic=\"true\"><\/p> <ul><\/ul><\/div>\n<form action=\"\/index.php?rest_route=%2Fwp%2Fv2%2Fpages%2F23#wpcf7-f145-o1\" method=\"post\" class=\"wpcf7-form init\" novalidate=\"novalidate\" data-status=\"init\">\n<div style=\"display: none;\">\n<input type=\"hidden\" name=\"_wpcf7\" value=\"145\" \/>\n<input type=\"hidden\" name=\"_wpcf7_version\" value=\"5.6.2\" \/>\n<input type=\"hidden\" name=\"_wpcf7_locale\" value=\"en_US\" \/>\n<input type=\"hidden\" name=\"_wpcf7_unit_tag\" value=\"wpcf7-f145-o1\" \/>\n<input type=\"hidden\" name=\"_wpcf7_container_post\" value=\"0\" \/>\n<input type=\"hidden\" name=\"_wpcf7_posted_data_hash\" value=\"\" \/>\n<\/div>\n<p>Ad\u0131n\u0131z (zorunlu)<br \/>\n    <span class=\"wpcf7-form-control-wrap\" data-name=\"your-name\"><input type=\"text\" name=\"your-name\" value=\"\" size=\"40\" class=\"wpcf7-form-control wpcf7-form-control form-control wpcf7-validates-as-required\" aria-required=\"true\" aria-invalid=\"false\" \/><\/span> <\/p>\n<p>Epostan\u0131z (zorunlu)<br \/>\n    <span class=\"wpcf7-form-control-wrap\" data-name=\"your-email\"><input type=\"email\" name=\"your-email\" value=\"\" size=\"40\" class=\"wpcf7-form-control wpcf7-form-control form-control wpcf7-form-control form-control wpcf7-validates-as-required wpcf7-validates-as-email\" aria-required=\"true\" aria-invalid=\"false\" \/><\/span> <\/p>\n<p>Konu<br \/>\n    <span class=\"wpcf7-form-control-wrap\" data-name=\"your-subject\"><input type=\"text\" name=\"your-subject\" value=\"\" size=\"40\" class=\"wpcf7-form-control wpcf7-form-control form-control\" aria-invalid=\"false\" \/><\/span> <\/p>\n<p>\u0130letiniz<br \/>\n    <span class=\"wpcf7-form-control-wrap\" data-name=\"your-message\"><textarea name=\"your-message\" cols=\"40\" rows=\"10\" class=\"wpcf7-form-control wpcf7-form-control wpcf7-form-control form-control\" aria-invalid=\"false\"><\/textarea><\/span> <\/p>\n<p><input type=\"submit\" value=\"G\u00f6nder\" class=\"wpcf7-form-control has-spinner wpcf7-submit btn btn-primary\" \/><\/p>\n<div class=\"wpcf7-response-output\" aria-hidden=\"true\"><\/div><\/form><\/div>[\/vc_column_text]<\/div>  <\/div>  <\/div><\/section>\n","protected":false},"excerpt":{"rendered":"SELAS MAK\u0130NAMetal Torna Sanayii\u0130kitelli Organize Sanayii B\u00f6lgesi Tormak San. Sit. R Blok No: 15 \u0130kitelli \u2013 Ba\u015fak\u015fehir \u2013 \u0130stanbul \/ T\u00dcRK\u0130YE P: +90 212 613 24 74 F: +90 212 493 11 78 E: info@selasmakina.com.tr [vc_column_text] Ad\u0131n\u0131z (zorunlu) Epostan\u0131z (zorunlu) Konu \u0130letiniz [\/vc_column_text]","protected":false},"author":1,"featured_media":0,"parent":0,"menu_order":6,"comment_status":"closed","ping_status":"closed","template":"","meta":[],"_links":{"self":[{"href":"https:\/\/www.selasmakina.com.tr\/index.php?rest_route=\/wp\/v2\/pages\/23"}],"collection":[{"href":"https:\/\/www.selasmakina.com.tr\/index.php?rest_route=\/wp\/v2\/pages"}],"about":[{"href":"https:\/\/www.selasmakina.com.tr\/index.php?rest_route=\/wp\/v2\/types\/page"}],"author":[{"embeddable":true,"href":"https:\/\/www.selasmakina.com.tr\/index.php?rest_route=\/wp\/v2\/users\/1"}],"replies":[{"embeddable":true,"href":"https:\/\/www.selasmakina.com.tr\/index.php?rest_route=%2Fwp%2Fv2%2Fcomments&post=23"}],"version-history":[{"count":8,"href":"https:\/\/www.selasmakina.com.tr\/index.php?rest_route=\/wp\/v2\/pages\/23\/revisions"}],"predecessor-version":[{"id":2068,"href":"https:\/\/www.selasmakina.com.tr\/index.php?rest_route=\/wp\/v2\/pages\/23\/revisions\/2068"}],"wp:attachment":[{"href":"https:\/\/www.selasmakina.com.tr\/index.php?rest_route=%2Fwp%2Fv2%2Fmedia&parent=23"}],"curies":[{"name":"wp","href":"https:\/\/api.w.org\/{rel}","templated":true}]}}