{"id":260,"date":"2013-05-20T15:01:29","date_gmt":"2013-05-20T15:01:29","guid":{"rendered":"http:\/\/www.selasmakina.com.tr\/?page_id=260"},"modified":"2022-04-29T22:18:50","modified_gmt":"2022-04-29T22:18:50","slug":"sevkiyat","status":"publish","type":"page","link":"https:\/\/www.selasmakina.com.tr\/?page_id=260","title":{"rendered":"Sevkiyat"},"content":{"rendered":"<p style=\"text-align: center;\"><img loading=\"lazy\" class=\"alignnone size-full wp-image-282\" src=\"http:\/\/www.selasmakina.com.tr\/wp-content\/uploads\/2013\/05\/banner_sevk.jpg\" alt=\"banner_sevk\" width=\"972\" height=\"278\" srcset=\"https:\/\/www.selasmakina.com.tr\/wp-content\/uploads\/2013\/05\/banner_sevk.jpg 972w, https:\/\/www.selasmakina.com.tr\/wp-content\/uploads\/2013\/05\/banner_sevk-300x85.jpg 300w, https:\/\/www.selasmakina.com.tr\/wp-content\/uploads\/2013\/05\/banner_sevk-250x71.jpg 250w\" sizes=\"(max-width: 972px) 100vw, 972px\" \/><\/p>\n<h4 style=\"text-align: center;\">\u00dcretim a\u015famas\u0131 tamamlanm\u0131\u015f \u00fcr\u00fcnler d\u00fcnyaca \u00fcnl\u00fc BLASER anti korozyon ya\u011f\u0131 ile koruma alt\u0131na<br \/>\nal\u0131nd\u0131ktan sonra tahta ta\u015f\u0131ma kasalar\u0131na dizilerek sevkiyat\u0131 yap\u0131l\u0131r.<\/h4>\n<p style=\"text-align: center;\">Finished products are covered and protected with world-famous anti-corrosion oil \u201cBlaser\u201d and they are shipped in wooden crates.<\/p>\n","protected":false},"excerpt":{"rendered":"<p>\u00dcretim a\u015famas\u0131 tamamlanm\u0131\u015f \u00fcr\u00fcnler d\u00fcnyaca \u00fcnl\u00fc BLASER anti korozyon ya\u011f\u0131 ile koruma alt\u0131na al\u0131nd\u0131ktan sonra tahta ta\u015f\u0131ma kasalar\u0131na dizilerek sevkiyat\u0131 yap\u0131l\u0131r. Finished products are covered and protected with world-famous anti-corrosion oil \u201cBlaser\u201d and they are shipped in wooden crates.<\/p>\n","protected":false},"author":1,"featured_media":0,"parent":0,"menu_order":0,"comment_status":"closed","ping_status":"open","template":"","meta":[],"_links":{"self":[{"href":"https:\/\/www.selasmakina.com.tr\/index.php?rest_route=\/wp\/v2\/pages\/260"}],"collection":[{"href":"https:\/\/www.selasmakina.com.tr\/index.php?rest_route=\/wp\/v2\/pages"}],"about":[{"href":"https:\/\/www.selasmakina.com.tr\/index.php?rest_route=\/wp\/v2\/types\/page"}],"author":[{"embeddable":true,"href":"https:\/\/www.selasmakina.com.tr\/index.php?rest_route=\/wp\/v2\/users\/1"}],"replies":[{"embeddable":true,"href":"https:\/\/www.selasmakina.com.tr\/index.php?rest_route=%2Fwp%2Fv2%2Fcomments&post=260"}],"version-history":[{"count":28,"href":"https:\/\/www.selasmakina.com.tr\/index.php?rest_route=\/wp\/v2\/pages\/260\/revisions"}],"predecessor-version":[{"id":2074,"href":"https:\/\/www.selasmakina.com.tr\/index.php?rest_route=\/wp\/v2\/pages\/260\/revisions\/2074"}],"wp:attachment":[{"href":"https:\/\/www.selasmakina.com.tr\/index.php?rest_route=%2Fwp%2Fv2%2Fmedia&parent=260"}],"curies":[{"name":"wp","href":"https:\/\/api.w.org\/{rel}","templated":true}]}}